{"id":68,"date":"2024-05-16T20:47:11","date_gmt":"2024-05-16T18:47:11","guid":{"rendered":"https:\/\/www.medine-schopfloch.de\/24\/?page_id=68"},"modified":"2024-10-17T18:08:06","modified_gmt":"2024-10-17T16:08:06","slug":"drudenzug","status":"publish","type":"page","link":"https:\/\/www.medine-schopfloch.de\/24\/drudenzug\/","title":{"rendered":"Drudenzug"},"content":{"rendered":"\n<p>Nach der Kirchweih Ende August gilt der Drudenzug am Fastnachtsdienstag als zweites gro\u00dfes Fest im Jahresablauf Schopflochs.<\/p>\n\n\n\n<p>Der Drudenglaube allgemein geht bis in die heidnische Zeit zur\u00fcck.<\/p>\n\n\n\n<p>Bemerkenswert ist, dass dieser Glaube im Alpenland und vor allem in der Salzburger Gegend verst\u00e4rkt vorkam, denn genau aus diesem Raum kommend, lie\u00dfen sich ab dem Jahre 1634, also w\u00e4hrend des Drei\u00dfigj\u00e4hrigen Krieges, evangelische Glaubensfl\u00fcchtlinge in Schopfloch nieder. Diese Exulanten brachten neben dem Maurer- und Steinmetzhandwerk sehr wahrscheinlich auch den Drudenglauben nach Schopfloch.<\/p>\n\n\n\n<p>Verst\u00e4rkt wurde dieser Glaube an b\u00f6se Gestalten durch teilweise extreme klimatische Ver\u00e4nderungen, ausgel\u00f6st durch die sogenannte \u201eKleine Eiszeit\u201c, die das 17. Jahrhundert zum k\u00e4ltesten der letzten 2000 Jahre werden lie\u00df. Lange kalte Winter und nasse k\u00fchle Sommer sorgten daf\u00fcr, dass es in ganz Europa zu verheerende Ernteausf\u00e4llen, zu Hungersn\u00f6ten und Seuchen kam. Man suchte hierf\u00fcr Schuldige, und fand sie in Hexen und Druden, die f\u00fcr alles \u00dcbel verantwortlich gemacht wurden! Eine Drude l\u00e4sst sich wie folgt definieren:<\/p>\n\n\n\n<p>Eine Drude ist ein Wesen des Volksglaubens, welches sich nachts auf die Brust von Schlafenden setzt und Alptr\u00e4ume sowie Beklemmung und Atemnot verursacht. Druden sind h\u00e4sslich und alt, es sind \u00fcberwiegend Frauen, die dazu verdammt sind, sich jede Nacht ein Opfer zum Dr\u00fccken suchen zu m\u00fcssen. Dazu l\u00f6st sich ihre Seele vom K\u00f6rper, kann als Geist durch kleinste Spalten und Schl\u00fcssell\u00f6cher in ein Zimmer dringen und dann in verschiedener Gestalt erscheinen.<\/p>\n\n\n\n<p>Dass insbesondere in unserem Raum der Glaube an Druden und Hexen stark verwurzelt war, zeigt die Tatsache, dass die aus dem nur 2 km nordwestlich von Schopfloch liegenden Larrieden stammende Marie Kraus und deren Stieftochter Margarethe noch 1679 der Hexerei beschuldigt, nach der Folter verurteilt und anschlie\u00dfend auf dem K\u00fchwasen in Feuchtwangen als letzte \u201eHexen\u201c S\u00fcddeutschlands verbrannt wurden.<\/p>\n\n\n\n<p>Noch 1787 ist einer Niederschrift zu entnehmen dass \u201e \u2026ein gro\u00dfer Teil der Einwohner Schopflochs bei Krankheit Rat beim famosen Hexenmeister in Zwernberg (3 km westlich von Schopfloch) suchen, statt einen Arzt aufzusuchen\u2026\u201c<\/p>\n\n\n\n<p>Heute w\u00fcrde man diesen Mann wohl eher als erfolgreichen Naturheilkundler oder Heilpraktiker bezeichnen \u2013 noch vor 250 Jahren galt er als Hexenmeister! Vor diesem geschichtlichen Hintergrund hat sich der Drudenzug in seinen Grundz\u00fcgen bis heute erhalten: Die Wintergeister, schon immer in Schopfloch verbunden mit und symbolisiert durch die Druden, werden von den Drudenpeitschern in ihren wei\u00dfen Anz\u00fcgen mit roter Sch\u00e4rpe, rotem Barett und langen geflochtenen Peitschen aus dem Ort getrieben!<\/p>\n\n\n\n<figure class=\"wp-block-image size-large is-resized\"><img loading=\"lazy\" decoding=\"async\" width=\"683\" height=\"1024\" src=\"https:\/\/www.medine-schopfloch.de\/24\/wp-content\/uploads\/2024\/09\/DSC04389-683x1024.jpg\" alt=\"\" class=\"wp-image-777\" style=\"width:761px;height:auto\" srcset=\"https:\/\/www.medine-schopfloch.de\/24\/wp-content\/uploads\/2024\/09\/DSC04389-683x1024.jpg 683w, https:\/\/www.medine-schopfloch.de\/24\/wp-content\/uploads\/2024\/09\/DSC04389-200x300.jpg 200w, https:\/\/www.medine-schopfloch.de\/24\/wp-content\/uploads\/2024\/09\/DSC04389-768x1152.jpg 768w, https:\/\/www.medine-schopfloch.de\/24\/wp-content\/uploads\/2024\/09\/DSC04389-1024x1536.jpg 1024w, https:\/\/www.medine-schopfloch.de\/24\/wp-content\/uploads\/2024\/09\/DSC04389-1365x2048.jpg 1365w, https:\/\/www.medine-schopfloch.de\/24\/wp-content\/uploads\/2024\/09\/DSC04389-600x900.jpg 600w, https:\/\/www.medine-schopfloch.de\/24\/wp-content\/uploads\/2024\/09\/DSC04389-scaled.jpg 1707w\" sizes=\"auto, (max-width: 683px) 100vw, 683px\" \/><figcaption class=\"wp-element-caption\"><strong>Symbolfiguren des Drudenzuges: Strohb\u00e4r, Drudenpeitscher, Druden<\/strong><\/figcaption><\/figure>\n","protected":false},"excerpt":{"rendered":"<p>Nach der Kirchweih Ende August gilt der Drudenzug am Fastnachtsdienstag als zweites gro\u00dfes Fest im Jahresablauf Schopflochs. Der Drudenglaube allgemein geht bis<\/p>\n<p class=\"link-more\"><a class=\"myButt \" href=\"https:\/\/www.medine-schopfloch.de\/24\/drudenzug\/\">_(&#8230;)<\/a><\/p>\n","protected":false},"author":1,"featured_media":1042,"parent":0,"menu_order":0,"comment_status":"closed","ping_status":"closed","template":"","meta":{"pgc_sgb_lightbox_settings":"","_price":"","_stock":"","_tribe_ticket_header":"","_tribe_default_ticket_provider":"","_tribe_ticket_capacity":"0","_ticket_start_date":"","_ticket_end_date":"","_tribe_ticket_show_description":"","_tribe_ticket_show_not_going":false,"_tribe_ticket_use_global_stock":"","_tribe_ticket_global_stock_level":"","_global_stock_mode":"","_global_stock_cap":"","_tribe_rsvp_for_event":"","_tribe_ticket_going_count":"","_tribe_ticket_not_going_count":"","_tribe_tickets_list":"[]","_tribe_ticket_has_attendee_info_fields":false,"footnotes":"","_tec_slr_enabled":"","_tec_slr_layout":""},"class_list":["post-68","page","type-page","status-publish","has-post-thumbnail","hentry"],"ticketed":false,"_links":{"self":[{"href":"https:\/\/www.medine-schopfloch.de\/24\/wp-json\/wp\/v2\/pages\/68","targetHints":{"allow":["GET"]}}],"collection":[{"href":"https:\/\/www.medine-schopfloch.de\/24\/wp-json\/wp\/v2\/pages"}],"about":[{"href":"https:\/\/www.medine-schopfloch.de\/24\/wp-json\/wp\/v2\/types\/page"}],"author":[{"embeddable":true,"href":"https:\/\/www.medine-schopfloch.de\/24\/wp-json\/wp\/v2\/users\/1"}],"replies":[{"embeddable":true,"href":"https:\/\/www.medine-schopfloch.de\/24\/wp-json\/wp\/v2\/comments?post=68"}],"version-history":[{"count":5,"href":"https:\/\/www.medine-schopfloch.de\/24\/wp-json\/wp\/v2\/pages\/68\/revisions"}],"predecessor-version":[{"id":778,"href":"https:\/\/www.medine-schopfloch.de\/24\/wp-json\/wp\/v2\/pages\/68\/revisions\/778"}],"wp:featuredmedia":[{"embeddable":true,"href":"https:\/\/www.medine-schopfloch.de\/24\/wp-json\/wp\/v2\/media\/1042"}],"wp:attachment":[{"href":"https:\/\/www.medine-schopfloch.de\/24\/wp-json\/wp\/v2\/media?parent=68"}],"curies":[{"name":"wp","href":"https:\/\/api.w.org\/{rel}","templated":true}]}}