{"id":67,"date":"2024-05-16T20:47:11","date_gmt":"2024-05-16T18:47:11","guid":{"rendered":"https:\/\/www.medine-schopfloch.de\/24\/?page_id=67"},"modified":"2024-09-02T14:29:28","modified_gmt":"2024-09-02T12:29:28","slug":"medine","status":"publish","type":"page","link":"https:\/\/www.medine-schopfloch.de\/24\/medine\/","title":{"rendered":"Medine"},"content":{"rendered":"\n<p><strong>Schopfloch<\/strong> hat eine uralte Fastnachtstradition. Der Drudenzug, oder das Drudenauspeitschen, soll nach einer \u00dcberlieferung aus der heidnischen Zeit stammen, und wurde von der Arbeiterbev\u00f6lkerung Schopflochs von Generation zu Generation weitergetragen. Der Drudenzug hat sich in seiner Form bis heute erhalten.<\/p>\n\n\n\n<p>Als in den Jahren nach 1933 dieser Brauch zu verebben drohte, fanden sich 19 Idealisten zusammen, um diese alte \u00dcberlieferung zu erhalten.<\/p>\n\n\n\n<p>Im Nebenzimmer des damaligen Gasthaus \u201cZum Adler\u201d, traf man sich im Sp\u00e4therbst 1937 zu einer ersten Besprechung. Schon bei dieser ersten Zusammenkunft wurde der Entschluss gefasst, einige Wochen vor dem Fastnachtsdienstag Elferratssitzungen abzuhalten, um so die Bev\u00f6lkerung von Schopfloch wieder mehr an den fastnachtlichen Gedanken heranzuf\u00fchren.<\/p>\n\n\n\n<p>Mit gro\u00dfem Eifer ging es w\u00e4hrend der Wintermonate an die Arbeit, denn man war vor allem bestrebt, eine echte Volksfastnacht aufzuziehen, was den 19 Akteuren auch v\u00f6llig gelang. Der Erfolg war \u00fcberaus gut, um das eigentliche Ziel, eine regere Beteiligung am Drudenauspeitschen zu erreichen.<\/p>\n\n\n\n<p>Leider kam nun nach zwei Jahren Elferratssitzungen der zweite Weltkrieg, und es folgte die gro\u00dfe Zwangspause.<\/p>\n\n\n\n<p>Im Jahre 1947 wurde der Gem\u00fctlichkeitsverein Schopfloch gegr\u00fcndet, dessen Vorsitzender Heinrich Ehrmann (Br\u00e4hme Heiner) es war, der die Elferratssitzungen wieder ins Leben rief. Zehn Jahre vergingen, bis 1949 wieder eine Elferratssitzung in Schopfloch ablaufen konnte.<\/p>\n\n\n\n<p>Als im Jahre 1953 in N\u00fcrnberg der Landesverband Franken im Bund Deutscher Karneval gegr\u00fcndet wurde, waren auch wir Schopflocher unter den acht Gr\u00fcndungsgesellschaften. Bis dahin war der Gem\u00fctlichkeitsverein Schopfloch als Veranstalter der Eferratssitzungen der Tr\u00e4ger der Schopflocher Fastnacht. Infolge seiner nunmehrigen Zugeh\u00f6rigkeit zum Bund Deutscher Karneval wurde der Gem\u00fctlichkeitsverein Schopfloch in <strong>Fastnachtsgesellschaft Medine Schopfloch<\/strong> umbenannt.<\/p>\n","protected":false},"excerpt":{"rendered":"<p>Schopfloch hat eine uralte Fastnachtstradition. Der Drudenzug, oder das Drudenauspeitschen, soll nach einer \u00dcberlieferung aus der heidnischen Zeit stammen, und wurde von<\/p>\n<p class=\"link-more\"><a class=\"myButt \" href=\"https:\/\/www.medine-schopfloch.de\/24\/medine\/\">_(&#8230;)<\/a><\/p>\n","protected":false},"author":1,"featured_media":719,"parent":0,"menu_order":0,"comment_status":"closed","ping_status":"closed","template":"","meta":{"pgc_sgb_lightbox_settings":"","_price":"","_stock":"","_tribe_ticket_header":"","_tribe_default_ticket_provider":"","_tribe_ticket_capacity":"0","_ticket_start_date":"","_ticket_end_date":"","_tribe_ticket_show_description":"","_tribe_ticket_show_not_going":false,"_tribe_ticket_use_global_stock":"","_tribe_ticket_global_stock_level":"","_global_stock_mode":"","_global_stock_cap":"","_tribe_rsvp_for_event":"","_tribe_ticket_going_count":"","_tribe_ticket_not_going_count":"","_tribe_tickets_list":"[]","_tribe_ticket_has_attendee_info_fields":false,"footnotes":"","_tec_slr_enabled":"","_tec_slr_layout":""},"class_list":["post-67","page","type-page","status-publish","has-post-thumbnail","hentry"],"ticketed":false,"_links":{"self":[{"href":"https:\/\/www.medine-schopfloch.de\/24\/wp-json\/wp\/v2\/pages\/67","targetHints":{"allow":["GET"]}}],"collection":[{"href":"https:\/\/www.medine-schopfloch.de\/24\/wp-json\/wp\/v2\/pages"}],"about":[{"href":"https:\/\/www.medine-schopfloch.de\/24\/wp-json\/wp\/v2\/types\/page"}],"author":[{"embeddable":true,"href":"https:\/\/www.medine-schopfloch.de\/24\/wp-json\/wp\/v2\/users\/1"}],"replies":[{"embeddable":true,"href":"https:\/\/www.medine-schopfloch.de\/24\/wp-json\/wp\/v2\/comments?post=67"}],"version-history":[{"count":6,"href":"https:\/\/www.medine-schopfloch.de\/24\/wp-json\/wp\/v2\/pages\/67\/revisions"}],"predecessor-version":[{"id":158,"href":"https:\/\/www.medine-schopfloch.de\/24\/wp-json\/wp\/v2\/pages\/67\/revisions\/158"}],"wp:featuredmedia":[{"embeddable":true,"href":"https:\/\/www.medine-schopfloch.de\/24\/wp-json\/wp\/v2\/media\/719"}],"wp:attachment":[{"href":"https:\/\/www.medine-schopfloch.de\/24\/wp-json\/wp\/v2\/media?parent=67"}],"curies":[{"name":"wp","href":"https:\/\/api.w.org\/{rel}","templated":true}]}}