{"id":301,"date":"2024-05-22T11:07:49","date_gmt":"2024-05-22T09:07:49","guid":{"rendered":"https:\/\/www.medine-schopfloch.de\/24\/?page_id=301"},"modified":"2024-06-15T03:06:02","modified_gmt":"2024-06-15T01:06:02","slug":"zahlungsarten","status":"publish","type":"page","link":"https:\/\/www.medine-schopfloch.de\/24\/zahlungsarten\/","title":{"rendered":"Zahlungsarten"},"content":{"rendered":"\n<p>Wenn Sie die Karten abholen m\u00f6chten, k\u00f6nnen Sie entweder vorab per \u00dcberweisung zahlen oder in bar bei Abholung. <br>W\u00fcnschen Sie einen postalischen Versand der Karten, dann bitten wir um Vorkasse per \u00dcberweisung. <br>Bei Bestellung im Kartenschop m\u00fcssen Sie sich mit den Allgemeinen Gesch\u00e4ftsbedingungen, Widerrufsbestimmungen und Datenschutzbestimmungen einverstanden erkl\u00e4ren.<\/p>\n","protected":false},"excerpt":{"rendered":"<p>Wenn Sie die Karten abholen m\u00f6chten, k\u00f6nnen Sie entweder vorab per \u00dcberweisung zahlen oder in bar bei Abholung. W\u00fcnschen Sie einen postalischen<\/p>\n<p class=\"link-more\"><a class=\"myButt \" href=\"https:\/\/www.medine-schopfloch.de\/24\/zahlungsarten\/\">_(&#8230;)<\/a><\/p>\n","protected":false},"author":1,"featured_media":0,"parent":0,"menu_order":0,"comment_status":"closed","ping_status":"closed","template":"","meta":{"pgc_sgb_lightbox_settings":"","_price":"","_stock":"","_tribe_ticket_header":"","_tribe_default_ticket_provider":"","_tribe_ticket_capacity":"0","_ticket_start_date":"","_ticket_end_date":"","_tribe_ticket_show_description":"","_tribe_ticket_show_not_going":false,"_tribe_ticket_use_global_stock":"","_tribe_ticket_global_stock_level":"","_global_stock_mode":"","_global_stock_cap":"","_tribe_rsvp_for_event":"","_tribe_ticket_going_count":"","_tribe_ticket_not_going_count":"","_tribe_tickets_list":"[]","_tribe_ticket_has_attendee_info_fields":false,"footnotes":"","_tec_slr_enabled":"","_tec_slr_layout":""},"class_list":["post-301","page","type-page","status-publish","hentry"],"ticketed":false,"_links":{"self":[{"href":"https:\/\/www.medine-schopfloch.de\/24\/wp-json\/wp\/v2\/pages\/301","targetHints":{"allow":["GET"]}}],"collection":[{"href":"https:\/\/www.medine-schopfloch.de\/24\/wp-json\/wp\/v2\/pages"}],"about":[{"href":"https:\/\/www.medine-schopfloch.de\/24\/wp-json\/wp\/v2\/types\/page"}],"author":[{"embeddable":true,"href":"https:\/\/www.medine-schopfloch.de\/24\/wp-json\/wp\/v2\/users\/1"}],"replies":[{"embeddable":true,"href":"https:\/\/www.medine-schopfloch.de\/24\/wp-json\/wp\/v2\/comments?post=301"}],"version-history":[{"count":2,"href":"https:\/\/www.medine-schopfloch.de\/24\/wp-json\/wp\/v2\/pages\/301\/revisions"}],"predecessor-version":[{"id":641,"href":"https:\/\/www.medine-schopfloch.de\/24\/wp-json\/wp\/v2\/pages\/301\/revisions\/641"}],"wp:attachment":[{"href":"https:\/\/www.medine-schopfloch.de\/24\/wp-json\/wp\/v2\/media?parent=301"}],"curies":[{"name":"wp","href":"https:\/\/api.w.org\/{rel}","templated":true}]}}