{"id":299,"date":"2024-05-22T11:03:34","date_gmt":"2024-05-22T09:03:34","guid":{"rendered":"https:\/\/www.medine-schopfloch.de\/24\/?page_id=299"},"modified":"2024-06-17T16:52:12","modified_gmt":"2024-06-17T14:52:12","slug":"versandarten","status":"publish","type":"page","link":"https:\/\/www.medine-schopfloch.de\/24\/versandarten\/","title":{"rendered":"Versandkosten"},"content":{"rendered":"\n<p>Der Standardversand f\u00fcr eine Eintrittskarte betr\u00e4gt 1,00 Euro und erfolgt per Deutsche Post Brief. <br>Bei Bestellung mehrerer Karten innerhalb einer Sendung, werden die Versandkosten automatisch berechnet und im Warenkob ausgewiesen.<br><\/p>\n\n\n\n<p class=\"has-black-color has-text-color has-link-color has-medium-font-size wp-elements-1d4661729f4b765df6ba342d5fb67d45\"><strong>Versandart &amp; Lieferzeit<\/strong><\/p>\n\n\n\n<p id=\"block-18346d0f-a52f-4d22-9f08-2a84b0cbd8c4\">Wenn Sie die Karten-Bestellfunktion unserer Webseite nutzen haben Sie die M\u00f6glichkeit Briefversand oder Abholung vor Ort zu w\u00e4hlen.<br>Der Briefversand erfolgt in einem Standard-Brief \u00fcber die Deutsche Post. <br>Die Lieferzeit betr\u00e4gt 2 bis 7 Werktage nach Zahlungseingang.<\/p>\n","protected":false},"excerpt":{"rendered":"<p>Der Standardversand f\u00fcr eine Eintrittskarte betr\u00e4gt 1,00 Euro und erfolgt per Deutsche Post Brief. Bei Bestellung mehrerer Karten innerhalb einer Sendung, werden<\/p>\n<p class=\"link-more\"><a class=\"myButt \" href=\"https:\/\/www.medine-schopfloch.de\/24\/versandarten\/\">_(&#8230;)<\/a><\/p>\n","protected":false},"author":1,"featured_media":0,"parent":0,"menu_order":0,"comment_status":"closed","ping_status":"closed","template":"","meta":{"pgc_sgb_lightbox_settings":"","_price":"","_stock":"","_tribe_ticket_header":"","_tribe_default_ticket_provider":"","_tribe_ticket_capacity":"0","_ticket_start_date":"","_ticket_end_date":"","_tribe_ticket_show_description":"","_tribe_ticket_show_not_going":false,"_tribe_ticket_use_global_stock":"","_tribe_ticket_global_stock_level":"","_global_stock_mode":"","_global_stock_cap":"","_tribe_rsvp_for_event":"","_tribe_ticket_going_count":"","_tribe_ticket_not_going_count":"","_tribe_tickets_list":"[]","_tribe_ticket_has_attendee_info_fields":false,"footnotes":"","_tec_slr_enabled":"","_tec_slr_layout":""},"class_list":["post-299","page","type-page","status-publish","hentry"],"ticketed":false,"_links":{"self":[{"href":"https:\/\/www.medine-schopfloch.de\/24\/wp-json\/wp\/v2\/pages\/299","targetHints":{"allow":["GET"]}}],"collection":[{"href":"https:\/\/www.medine-schopfloch.de\/24\/wp-json\/wp\/v2\/pages"}],"about":[{"href":"https:\/\/www.medine-schopfloch.de\/24\/wp-json\/wp\/v2\/types\/page"}],"author":[{"embeddable":true,"href":"https:\/\/www.medine-schopfloch.de\/24\/wp-json\/wp\/v2\/users\/1"}],"replies":[{"embeddable":true,"href":"https:\/\/www.medine-schopfloch.de\/24\/wp-json\/wp\/v2\/comments?post=299"}],"version-history":[{"count":6,"href":"https:\/\/www.medine-schopfloch.de\/24\/wp-json\/wp\/v2\/pages\/299\/revisions"}],"predecessor-version":[{"id":656,"href":"https:\/\/www.medine-schopfloch.de\/24\/wp-json\/wp\/v2\/pages\/299\/revisions\/656"}],"wp:attachment":[{"href":"https:\/\/www.medine-schopfloch.de\/24\/wp-json\/wp\/v2\/media?parent=299"}],"curies":[{"name":"wp","href":"https:\/\/api.w.org\/{rel}","templated":true}]}}