{"id":277,"date":"2024-05-22T09:02:13","date_gmt":"2024-05-22T07:02:13","guid":{"rendered":"https:\/\/www.medine-schopfloch.de\/24\/?page_id=277"},"modified":"2024-06-15T03:02:47","modified_gmt":"2024-06-15T01:02:47","slug":"kurzanleitung","status":"publish","type":"page","link":"https:\/\/www.medine-schopfloch.de\/24\/kurzanleitung\/","title":{"rendered":"Bestellanleitung"},"content":{"rendered":"\n<p><strong>Die Karten zu unseren Veranstaltungen k\u00f6nnen jetzt auch online \u00fcber unsere Webseite bestellt werden, und so funktioniert\u2019s:<\/strong><\/p>\n\n\n\n<p><strong>1. Veranstaltung w\u00e4hlen<\/strong><br>Gehen Sie entweder direkt in den <a href=\"https:\/\/www.medine-schopfloch.de\/24\/kartenshop\/\" data-type=\"page\" data-id=\"587\">Kartenshop<\/a>, oder zu unserem <a href=\"https:\/\/www.medine-schopfloch.de\/24\/termine\/\">Veranstaltungskalender unter Termine<\/a> und klicken Sie auf eine Veranstaltung.<br>Sie k\u00f6nnen im Veranstaltungskalender rechts oben durch Klick auf das rote Suchfeld eine Veranstaltung suchen und die Monats- oder Listenansicht w\u00e4hlen. <\/p>\n\n\n\n<p><strong>2. Karten in den Warenkorb legen<\/strong><br>Auf der Veranstaltungsseite finden Sie den Abschnitt \u201eIn den Warenkorb\u201c oder \u201eTickets kaufen\u201c. Sobald der Verkauf der Karten freigegeben ist, k\u00f6nnen Sie mit der Bestellung beginnen, die Karten in den Warenkorb legen und die gew\u00fcnschte Zahl angeben. Wenn der Verkauf der Karten noch nicht er\u00f6ffnet ist, finden Sie einen Hinweis mit dem Datum des Verkaufsstarts. Sollte der Online-Verkauf schon beendet sein und die Veranstaltung kurz bevorstehen, dann kontaktieren Sie uns telefonisch, f\u00fcr den Fall das noch Restkarten vorhanden sind.<\/p>\n\n\n\n<p><strong>3. Abholung oder Briefversand w\u00e4hlen<\/strong><br>Um die Bestellung abzuwickeln w\u00e4hlen Sie, ob Sie die Karten abholen oder per Post geschickt bekommen m\u00f6chten.<\/p>\n\n\n\n<p><strong>4. Adresse eingeben und Zahlungsart w\u00e4hlen<\/strong><br>Danach geben Sie Ihre Adressdaten an und wie Sie bezahlen m\u00f6chten. Wenn Sie die Karten abholen m\u00f6chten, dann k\u00f6nnen Sie entweder vorab per \u00dcberweisung zahlen oder in bar bei Abholung. Wenn Sie einen postalischen Versand der Karten w\u00fcnschen, dann bitten wir um Vorkasse per \u00dcberweisung. Sie m\u00fcssen noch mit den Allgemeinen Gesch\u00e4ftsbedingungen, Widerrufsbestimmungen und Datenschutzbestimmungen einverstanden sein. Diese k\u00f6nnen Sie \u00fcber den jeweiligen Link einsehen. Wenn Sie einverstanden sind setzen Sie bitte ein H\u00e4kchen.<br>Auf dieser Seite k\u00f6nnen Sie uns auch zus\u00e4tzliche Informationen zukommen lassen (Platzwunsch etc.).<\/p>\n\n\n\n<p><strong>5. Bestellung abschlie\u00dfen<\/strong><br>Mit Klick auf \u201eJetzt kaufen\u201c schlie\u00dfen Sie die Bestellung ab. Sie erhalten daraufhin eine Bestellbest\u00e4tigung und eine Rechnung per E-Mail. Sollten Sie als Zahlmethode \u201eDirekte Bank\u00fcberweisung\u201c ausgew\u00e4hlt haben, finden Sie alle Informationen dazu in der Rechnung. Nach Zahlungserhalt legen wir die Karten entweder zur Abholung bereit oder schicken Sie Ihnen per Post zu, je nachdem ob Sie Briefversand oder Abholung ausgew\u00e4hlt haben.<\/p>\n\n\n\n<p><strong>Bei Fragen steht Ihnen unser Kartenvorverkaufsteam zur Seite:<\/strong><\/p>\n\n\n\n<p>Claudia + Hanna Schehak<br>D\u00f6rrerstr. 19<br>91626 Schopfloch<br>Tel.: 0178 8283162<br>Mail: <a href=\"mailto:karten@medine-schopfloch.de\">karten@medine-schopfloch.de<\/a><\/p>\n","protected":false},"excerpt":{"rendered":"<p>Die Karten zu unseren Veranstaltungen k\u00f6nnen jetzt auch online \u00fcber unsere Webseite bestellt werden, und so funktioniert\u2019s: 1. Veranstaltung w\u00e4hlenGehen Sie entweder<\/p>\n<p class=\"link-more\"><a class=\"myButt \" href=\"https:\/\/www.medine-schopfloch.de\/24\/kurzanleitung\/\">_(&#8230;)<\/a><\/p>\n","protected":false},"author":1,"featured_media":0,"parent":0,"menu_order":0,"comment_status":"closed","ping_status":"closed","template":"","meta":{"pgc_sgb_lightbox_settings":"","_price":"","_stock":"","_tribe_ticket_header":"","_tribe_default_ticket_provider":"","_tribe_ticket_capacity":"0","_ticket_start_date":"","_ticket_end_date":"","_tribe_ticket_show_description":"","_tribe_ticket_show_not_going":false,"_tribe_ticket_use_global_stock":"","_tribe_ticket_global_stock_level":"","_global_stock_mode":"","_global_stock_cap":"","_tribe_rsvp_for_event":"","_tribe_ticket_going_count":"","_tribe_ticket_not_going_count":"","_tribe_tickets_list":"[]","_tribe_ticket_has_attendee_info_fields":false,"footnotes":"","_tec_slr_enabled":"","_tec_slr_layout":""},"class_list":["post-277","page","type-page","status-publish","hentry"],"ticketed":false,"_links":{"self":[{"href":"https:\/\/www.medine-schopfloch.de\/24\/wp-json\/wp\/v2\/pages\/277","targetHints":{"allow":["GET"]}}],"collection":[{"href":"https:\/\/www.medine-schopfloch.de\/24\/wp-json\/wp\/v2\/pages"}],"about":[{"href":"https:\/\/www.medine-schopfloch.de\/24\/wp-json\/wp\/v2\/types\/page"}],"author":[{"embeddable":true,"href":"https:\/\/www.medine-schopfloch.de\/24\/wp-json\/wp\/v2\/users\/1"}],"replies":[{"embeddable":true,"href":"https:\/\/www.medine-schopfloch.de\/24\/wp-json\/wp\/v2\/comments?post=277"}],"version-history":[{"count":8,"href":"https:\/\/www.medine-schopfloch.de\/24\/wp-json\/wp\/v2\/pages\/277\/revisions"}],"predecessor-version":[{"id":640,"href":"https:\/\/www.medine-schopfloch.de\/24\/wp-json\/wp\/v2\/pages\/277\/revisions\/640"}],"wp:attachment":[{"href":"https:\/\/www.medine-schopfloch.de\/24\/wp-json\/wp\/v2\/media?parent=277"}],"curies":[{"name":"wp","href":"https:\/\/api.w.org\/{rel}","templated":true}]}}