{"id":147,"date":"2024-05-17T00:09:03","date_gmt":"2024-05-16T22:09:03","guid":{"rendered":"https:\/\/www.medine-schopfloch.de\/24\/?page_id=147"},"modified":"2024-05-17T00:30:11","modified_gmt":"2024-05-16T22:30:11","slug":"lachoudisch","status":"publish","type":"page","link":"https:\/\/www.medine-schopfloch.de\/24\/lachoudisch\/","title":{"rendered":"Lachoudisch"},"content":{"rendered":"\n<p><strong>Die Schopflocher Zweitsprache Lachoudisch<\/strong><\/p>\n\n\n\n<p>Zu den Spuren j\u00fcdischen Lebens in Schopfloch geh\u00f6rt das sogenannte Lachoudisch (auch: Lachodisch), manchmal auch Schopflochs \u201cGeheimsprache\u201d genannt.<br>Sie ist eine Mischung aus Hebr\u00e4isch, Rotwelsch und eigenen Wortsch\u00f6pfungen. Der Name Lachoudisch hat sich aus dem hebr\u00e4ischen Ausdruck Leshon Hakodesh (dies l\u00e4sst sich mit \u201eheilige Sprache\u201c \u00fcbersetzen) entwickelt.<br>Zur\u00fcckzuf\u00fchren ist die Sprache auf die Handelst\u00e4tigkeiten der Schopflocher Juden, der ortsans\u00e4ssigen Viehh\u00e4ndler und auf die Wanderjahre der Schopflocher Maurer. Da die Sprache f\u00fcr Au\u00dfenstehende unverst\u00e4ndlich war, konnten die Schopflocher H\u00e4ndler (Schacherer) in ihren Gespr\u00e4chen diese Sprache zu ihrem Vorteil nutzen.<\/p>\n\n\n\n<p>Vor allem von der \u00e4lteren Generation wird Lachoudisch noch benutzt und gepflegt.<\/p>\n\n\n\n<p>Das Wort Medine stammt aus dem Lachoudischen und l\u00e4sst sich mit Heimat \u00fcbersetzen.<\/p>\n\n\n\n<p><strong>Und hier nun einige Begriffe der Lachoudischen Sprache, wie man sie noch vereinzelt in Schopfloch h\u00f6ren kann:<\/strong><\/p>\n\n\n\n<figure class=\"wp-block-table\"><table><tbody><tr><th>Lachoudisch<\/th><th>Deutsch<\/th><\/tr><tr><td>achile, achle<\/td><td>essen<\/td><\/tr><tr><td>Bajes<\/td><td>Haus<\/td><\/tr><tr><td>beduechd<\/td><td>reich<\/td><\/tr><tr><td>Behejme<\/td><td>tr\u00e4ger, langsamer Mensch<\/td><\/tr><tr><td>Bizemmli<\/td><td>Eier<\/td><\/tr><tr><td>Boere<\/td><td>Kuh<\/td><\/tr><tr><td>Buremm<\/td><td>Fastnacht<\/td><\/tr><tr><td>Buser<\/td><td>Fleisch<\/td><\/tr><tr><td>dagoff<\/td><td>gesund, stark<\/td><\/tr><tr><td>djene<\/td><td>viel<\/td><\/tr><tr><td>Doufes<\/td><td>Gef\u00e4ngnis<\/td><\/tr><tr><td>Dueches<\/td><td>Ges\u00e4\u00df<\/td><\/tr><tr><td>Fachaan<\/td><td>Lump, ein Nichtsnutz<\/td><\/tr><tr><td>Fiesl<\/td><td>\u00fcble Bezeichnung f\u00fcr einen Mann<\/td><\/tr><tr><td>Gallach<\/td><td>Pfarrer<\/td><\/tr><tr><td>Gr\u00e4erattel<\/td><td>F\u00f6rster<\/td><\/tr><tr><td>gschdiechem<\/td><td>sei ruhig<\/td><\/tr><tr><td>gschiddicht<\/td><td>verheiratet<\/td><\/tr><tr><td>Gschmues<\/td><td>Geschw\u00e4tz<\/td><\/tr><tr><td>Hachles Bunem<\/td><td>Scheinheiliger<\/td><\/tr><tr><td>Hanifes<\/td><td>Hase<\/td><\/tr><tr><td>Hanue<\/td><td>Freude<\/td><\/tr><tr><td>Hiffelefuhnem<\/td><td>Nebens\u00e4chlichkeit<\/td><\/tr><tr><td>Jajemm<\/td><td>Wein<\/td><\/tr><tr><td>jakkeres<\/td><td>teuer<\/td><\/tr><tr><td>joufn<\/td><td>sch\u00f6n, gut<\/td><\/tr><tr><td>Juschbes<\/td><td>Wirt, Wirtshaus<\/td><\/tr><tr><td>Kaffriechem<\/td><td>Bauer<\/td><\/tr><tr><td>Karoude<\/td><td>Angst<\/td><\/tr><tr><td>Kasseeremm<\/td><td>Schwein<\/td><\/tr><tr><td>Keileff<\/td><td>Hund<\/td><\/tr><tr><td>Kinnemm<\/td><td>Laus<\/td><\/tr><tr><td>Kniefiesl<\/td><td>Geizhals<\/td><\/tr><tr><td>kouscher<\/td><td>rein<\/td><\/tr><tr><td>Koufes<\/td><td>Schulden<\/td><\/tr><tr><td>Kouhne<\/td><td>Kinder<\/td><\/tr><tr><td>koule<\/td><td>krank<\/td><\/tr><tr><td>Kuechem<\/td><td>ein Siebengescheiter<\/td><\/tr><tr><td>laaf<\/td><td>wenig, schlecht<\/td><\/tr><tr><td>lak\u00e4eche<\/td><td>stehlen<\/td><\/tr><tr><td>L\u00e4echem<\/td><td>Brot<\/td><\/tr><tr><td>louse<\/td><td>horchen<\/td><\/tr><tr><td>machulle<\/td><td>bankrott<\/td><\/tr><tr><td>Machiele<\/td><td>Ges\u00e4\u00df<\/td><\/tr><tr><td>Majemm<\/td><td>Wasser<\/td><\/tr><tr><td>Malouche<\/td><td>Arbeit<\/td><\/tr><tr><td>Maschoufes<\/td><td>Dreck, Schmutz<\/td><\/tr><tr><td>maschulme<\/td><td>bezahlen<\/td><\/tr><tr><td>Massl<\/td><td>Gl\u00fcck<\/td><\/tr><tr><td>Masslebrouche<\/td><td>viel Gl\u00fcck im Gesch\u00e4ft<\/td><\/tr><tr><td>Massumme<\/td><td>Geld<\/td><\/tr><tr><td>Menueche<\/td><td>Ruhe<\/td><\/tr><tr><td>Mittes<\/td><td>Bett<\/td><\/tr><tr><td>Nakejfe<\/td><td>das M\u00e4dchen<\/td><\/tr><tr><td>Reifich<\/td><td>Gewinn<\/td><\/tr><tr><td>Rosch<\/td><td>Kopf<\/td><\/tr><tr><td>Rouches<\/td><td>Zorn<\/td><\/tr><tr><td>rouchle<\/td><td>stinken<\/td><\/tr><tr><td>Ruech<\/td><td>Geiziger<\/td><\/tr><tr><td>schachern<\/td><td>handeln<\/td><\/tr><tr><td>schassgenne<\/td><td>trinken<\/td><\/tr><tr><td>Schejchets<\/td><td>Freund<\/td><\/tr><tr><td>Schienemm<\/td><td>Polizei<\/td><\/tr><tr><td>schmuesen<\/td><td>gut reden<\/td><\/tr><tr><td>Schoggle Majem<\/td><td>Kaffee<\/td><\/tr><tr><td>Schoude<\/td><td>Narr<\/td><\/tr><tr><td>Schoufett<\/td><td>B\u00fcrgermeister<\/td><\/tr><tr><td>schoufl<\/td><td>gemein, schlecht<\/td><\/tr><tr><td>Schuck<\/td><td>Mark<\/td><\/tr><tr><td>Schulem<\/td><td>Schluss<\/td><\/tr><tr><td>Schunnres<\/td><td>Katze<\/td><\/tr><tr><td>schwoofen<\/td><td>tanzen<\/td><\/tr><tr><td>simmiche djene<\/td><td>viel Freude<\/td><\/tr><tr><td>Soreff<\/td><td>Schnaps<\/td><\/tr><tr><td>uuser<\/td><td>dr\u00fcckt einen Zweifel aus<\/td><\/tr><tr><td>verkoule<\/td><td>bel\u00fcgen<\/td><\/tr><tr><td>verschiddicht<\/td><td>verheiratet<\/td><\/tr><\/tbody><\/table><\/figure>\n","protected":false},"excerpt":{"rendered":"<p>Die Schopflocher Zweitsprache Lachoudisch Zu den Spuren j\u00fcdischen Lebens in Schopfloch geh\u00f6rt das sogenannte Lachoudisch (auch: Lachodisch), manchmal auch Schopflochs \u201cGeheimsprache\u201d genannt.Sie<\/p>\n<p class=\"link-more\"><a class=\"myButt \" href=\"https:\/\/www.medine-schopfloch.de\/24\/lachoudisch\/\">_(&#8230;)<\/a><\/p>\n","protected":false},"author":1,"featured_media":0,"parent":0,"menu_order":0,"comment_status":"closed","ping_status":"closed","template":"","meta":{"pgc_sgb_lightbox_settings":"","_price":"","_stock":"","_tribe_ticket_header":"","_tribe_default_ticket_provider":"","_tribe_ticket_capacity":"0","_ticket_start_date":"","_ticket_end_date":"","_tribe_ticket_show_description":"","_tribe_ticket_show_not_going":false,"_tribe_ticket_use_global_stock":"","_tribe_ticket_global_stock_level":"","_global_stock_mode":"","_global_stock_cap":"","_tribe_rsvp_for_event":"","_tribe_ticket_going_count":"","_tribe_ticket_not_going_count":"","_tribe_tickets_list":"[]","_tribe_ticket_has_attendee_info_fields":false,"footnotes":"","_tec_slr_enabled":"","_tec_slr_layout":""},"class_list":["post-147","page","type-page","status-publish","hentry"],"ticketed":false,"_links":{"self":[{"href":"https:\/\/www.medine-schopfloch.de\/24\/wp-json\/wp\/v2\/pages\/147","targetHints":{"allow":["GET"]}}],"collection":[{"href":"https:\/\/www.medine-schopfloch.de\/24\/wp-json\/wp\/v2\/pages"}],"about":[{"href":"https:\/\/www.medine-schopfloch.de\/24\/wp-json\/wp\/v2\/types\/page"}],"author":[{"embeddable":true,"href":"https:\/\/www.medine-schopfloch.de\/24\/wp-json\/wp\/v2\/users\/1"}],"replies":[{"embeddable":true,"href":"https:\/\/www.medine-schopfloch.de\/24\/wp-json\/wp\/v2\/comments?post=147"}],"version-history":[{"count":2,"href":"https:\/\/www.medine-schopfloch.de\/24\/wp-json\/wp\/v2\/pages\/147\/revisions"}],"predecessor-version":[{"id":160,"href":"https:\/\/www.medine-schopfloch.de\/24\/wp-json\/wp\/v2\/pages\/147\/revisions\/160"}],"wp:attachment":[{"href":"https:\/\/www.medine-schopfloch.de\/24\/wp-json\/wp\/v2\/media?parent=147"}],"curies":[{"name":"wp","href":"https:\/\/api.w.org\/{rel}","templated":true}]}}